{"id":22,"date":"2018-11-19T11:33:27","date_gmt":"2018-11-19T11:33:27","guid":{"rendered":"https:\/\/blog.infraspeak.com\/?page_id=22"},"modified":"2019-08-06T22:24:47","modified_gmt":"2019-08-06T22:24:47","slug":"infraspeak-blog","status":"publish","type":"page","link":"https:\/\/blog.infraspeak.com\/pt-pt\/infraspeak-blog\/","title":{"rendered":"Infraspeak Blog"},"content":{"rendered":"<div id=\"bsf_rt_marker\"><\/div><p>[vc_row][vc_column width=&#8221;2\/3&#8243;][td_block_18 block_template_id=&#8221;&#8221; tdc_css=&#8221;eyJhbGwiOnsiYmFja2dyb3VuZC1wb3NpdGlvbiI6ImNlbnRlciBjZW50ZXIiLCJkaXNwbGF5IjoiIn19&#8243;][\/vc_column][vc_column width=&#8221;1\/3&#8243;][td_block_9 custom_title=&#8221;Popular Hoje&#8221; sort=&#8221;popular&#8221; block_template_id=&#8221;td_block_template_14&#8243;][tdm_block_image_info_box box_style=&#8221;style-2&#8243; box_overlay=&#8221;eyJ0eXBlIjoiZ3JhZGllbnQiLCJjb2xvcjEiOiJyZ2JhKDMwLDExNSwxOTAsMC43KSIsImNvbG9yMiI6InJnYmEoMCwxOSwzOCwwLjgpIiwibWl4ZWRDb2xvcnMiOltdLCJkZWdyZWUiOiIzMCIsImNzcyI6ImJhY2tncm91bmQ6IC13ZWJraXQtbGluZWFyLWdyYWRpZW50KDMwZGVnLHJnYmEoMCwxOSwzOCwwLjgpLHJnYmEoMzAsMTE1LDE5MCwwLjcpKTtiYWNrZ3JvdW5kOiBsaW5lYXItZ3JhZGllbnQoMzBkZWcscmdiYSgwLDE5LDM4LDAuOCkscmdiYSgzMCwxMTUsMTkwLDAuNykpOyIsImNzc1BhcmFtcyI6IjMwZGVnLHJnYmEoMCwxOSwzOCwwLjgpLHJnYmEoMzAsMTE1LDE5MCwwLjcpIn0=&#8221; tds_button=&#8221;tds_button1&#8243; button_size=&#8221;tdm-btn-md&#8221; button_text=&#8221;SUBSCREVER&#8221; button_icon_size=&#8221;18&#8243; button_tdicon=&#8221;tdc-font-fa tdc-font-fa-envelope-o&#8221; box_title=&#8221;Subscreva o Nosso Blog&#8221; box_open_in_new_window=&#8221;yes&#8221; box_content_align_vertical=&#8221;content-vert-top&#8221; box_content_align_horizontal=&#8221;content-horiz-left&#8221; tds_button1-background_color=&#8221;#55b36d&#8221; tds_button1-text_color=&#8221;#ffffff&#8221; tds_button1-background_hover_color=&#8221;#009935&#8243; tds_button1-border_radius=&#8221;6&#8243; tds_button1-f_btn_text_font_weight=&#8221;900&#8243; box_description=&#8221;TWFudGVuaGEtc2UlMjBhJTIwcGFyJTIwZGUlMjB0b2RhcyUyMGFzJTIwdGVuZCVDMyVBQW5jaWFzJTJDJTIwZGljYXMlMjBlJTIwaWRlaWFzJTIwc29icmUlMjBnZXN0JUMzJUEzbyUyMGRlJTIwbWFudXRlbiVDMyVBNyVDMyVBM28lMjBlJTIwdGVtYXMlMjByZWxhY2lvbmFkb3Mu&#8221; media_size_image_height=&#8221;1080&#8243; media_size_image_width=&#8221;1920&#8243; box_image=&#8221;102&#8243; box_height=&#8221;auto&#8221; button_icon_position=&#8221;icon-before&#8221; button_width=&#8221;100%&#8221; tdc_css=&#8221;eyJhbGwiOnsiZGlzcGxheSI6IiJ9fQ==&#8221; el_class=&#8221;popup&#8221; button_url=&#8221;javascript:openPopupPT()&#8221;][\/vc_column][\/vc_row][vc_row][vc_column width=&#8221;1\/3&#8243;][\/vc_column][vc_column width=&#8221;2\/3&#8243;][\/vc_column][\/vc_row][vc_row][vc_column is_sticky=&#8221;yes&#8221; width=&#8221;1\/1&#8243;][\/vc_column][\/vc_row]<\/p>\n","protected":false},"excerpt":{"rendered":"<p>[vc_row][vc_column width=&#8221;2\/3&#8243;][td_block_18 block_template_id=&#8221;&#8221; tdc_css=&#8221;eyJhbGwiOnsiYmFja2dyb3VuZC1wb3NpdGlvbiI6ImNlbnRlciBjZW50ZXIiLCJkaXNwbGF5IjoiIn19&#8243;][\/vc_column][vc_column width=&#8221;1\/3&#8243;][td_block_9 custom_title=&#8221;Popular Hoje&#8221; sort=&#8221;popular&#8221; block_template_id=&#8221;td_block_template_14&#8243;][tdm_block_image_info_box box_style=&#8221;style-2&#8243; box_overlay=&#8221;eyJ0eXBlIjoiZ3JhZGllbnQiLCJjb2xvcjEiOiJyZ2JhKDMwLDExNSwxOTAsMC43KSIsImNvbG9yMiI6InJnYmEoMCwxOSwzOCwwLjgpIiwibWl4ZWRDb2xvcnMiOltdLCJkZWdyZWUiOiIzMCIsImNzcyI6ImJhY2tncm91bmQ6IC13ZWJraXQtbGluZWFyLWdyYWRpZW50KDMwZGVnLHJnYmEoMCwxOSwzOCwwLjgpLHJnYmEoMzAsMTE1LDE5MCwwLjcpKTtiYWNrZ3JvdW5kOiBsaW5lYXItZ3JhZGllbnQoMzBkZWcscmdiYSgwLDE5LDM4LDAuOCkscmdiYSgzMCwxMTUsMTkwLDAuNykpOyIsImNzc1BhcmFtcyI6IjMwZGVnLHJnYmEoMCwxOSwzOCwwLjgpLHJnYmEoMzAsMTE1LDE5MCwwLjcpIn0=&#8221; tds_button=&#8221;tds_button1&#8243; button_size=&#8221;tdm-btn-md&#8221; button_text=&#8221;SUBSCREVER&#8221; button_icon_size=&#8221;18&#8243; button_tdicon=&#8221;tdc-font-fa tdc-font-fa-envelope-o&#8221; box_title=&#8221;Subscreva o Nosso Blog&#8221; box_open_in_new_window=&#8221;yes&#8221; box_content_align_vertical=&#8221;content-vert-top&#8221; box_content_align_horizontal=&#8221;content-horiz-left&#8221; tds_button1-background_color=&#8221;#55b36d&#8221; tds_button1-text_color=&#8221;#ffffff&#8221; tds_button1-background_hover_color=&#8221;#009935&#8243; tds_button1-border_radius=&#8221;6&#8243; tds_button1-f_btn_text_font_weight=&#8221;900&#8243; box_description=&#8221;TWFudGVuaGEtc2UlMjBhJTIwcGFyJTIwZGUlMjB0b2RhcyUyMGFzJTIwdGVuZCVDMyVBQW5jaWFzJTJDJTIwZGljYXMlMjBlJTIwaWRlaWFzJTIwc29icmUlMjBnZXN0JUMzJUEzbyUyMGRlJTIwbWFudXRlbiVDMyVBNyVDMyVBM28lMjBlJTIwdGVtYXMlMjByZWxhY2lvbmFkb3Mu&#8221; media_size_image_height=&#8221;1080&#8243; media_size_image_width=&#8221;1920&#8243; box_image=&#8221;102&#8243; box_height=&#8221;auto&#8221; button_icon_position=&#8221;icon-before&#8221; button_width=&#8221;100%&#8221; tdc_css=&#8221;eyJhbGwiOnsiZGlzcGxheSI6IiJ9fQ==&#8221; el_class=&#8221;popup&#8221; button_url=&#8221;javascript:openPopupPT()&#8221;][\/vc_column][\/vc_row][vc_row][vc_column width=&#8221;1\/3&#8243;][\/vc_column][vc_column width=&#8221;2\/3&#8243;][\/vc_column][\/vc_row][vc_row][vc_column is_sticky=&#8221;yes&#8221; width=&#8221;1\/1&#8243;][\/vc_column][\/vc_row]<\/p>\n","protected":false},"author":1,"featured_media":0,"parent":0,"menu_order":0,"comment_status":"closed","ping_status":"closed","template":"","meta":{"content-type":"","footnotes":"","_wp_rev_ctl_limit":""},"class_list":["post-22","page","type-page","status-publish","hentry"],"yoast_head":"<!-- This site is optimized with the Yoast SEO plugin v27.0 - https:\/\/yoast.com\/product\/yoast-seo-wordpress\/ -->\n<title>Blog da Gest\u00e3o de Manuten\u00e7\u00e3o e Infraestruturas &#8226; Saiba Mais!<\/title>\n<meta name=\"description\" content=\"Mantenha-se a par das \u00faltimas tend\u00eancias, dicas e ideias sobre gest\u00e3o de manuten\u00e7\u00e3o e infraestruturas no Blog da Infraspeak.\" \/>\n<meta name=\"robots\" content=\"index, follow, max-snippet:-1, max-image-preview:large, max-video-preview:-1\" \/>\n<link rel=\"canonical\" href=\"https:\/\/blog.infraspeak.com\/pt-pt\/infraspeak-blog\/\" \/>\n<meta property=\"og:locale\" content=\"pt_PT\" \/>\n<meta property=\"og:type\" content=\"article\" \/>\n<meta property=\"og:title\" content=\"Blog da Gest\u00e3o de Manuten\u00e7\u00e3o e Infraestruturas &#8226; Saiba Mais!\" \/>\n<meta property=\"og:description\" content=\"Mantenha-se a par das \u00faltimas tend\u00eancias, dicas e ideias sobre gest\u00e3o de manuten\u00e7\u00e3o e infraestruturas no Blog da Infraspeak.\" \/>\n<meta property=\"og:url\" content=\"https:\/\/blog.infraspeak.com\/pt-pt\/infraspeak-blog\/\" \/>\n<meta property=\"og:site_name\" content=\"Infraspeak Blog\" \/>\n<meta property=\"article:publisher\" content=\"https:\/\/www.facebook.com\/infraspeakmaintenance\" \/>\n<meta property=\"article:modified_time\" content=\"2019-08-06T22:24:47+00:00\" \/>\n<meta name=\"twitter:card\" content=\"summary_large_image\" \/>\n<meta name=\"twitter:site\" content=\"@infraspeak\" \/>\n<meta name=\"twitter:label1\" content=\"Tempo estimado de leitura\" \/>\n\t<meta name=\"twitter:data1\" content=\"1 minuto\" \/>\n<script type=\"application\/ld+json\" class=\"yoast-schema-graph\">{\"@context\":\"https:\/\/schema.org\",\"@graph\":[{\"@type\":\"WebPage\",\"@id\":\"https:\/\/blog.infraspeak.com\/pt-pt\/infraspeak-blog\/\",\"url\":\"https:\/\/blog.infraspeak.com\/pt-pt\/infraspeak-blog\/\",\"name\":\"Blog da Gest\u00e3o de Manuten\u00e7\u00e3o e Infraestruturas &#8226; Saiba Mais!\",\"isPartOf\":{\"@id\":\"https:\/\/blog.infraspeak.com\/pt-pt\/#website\"},\"datePublished\":\"2018-11-19T11:33:27+00:00\",\"dateModified\":\"2019-08-06T22:24:47+00:00\",\"description\":\"Mantenha-se a par das \u00faltimas tend\u00eancias, dicas e ideias sobre gest\u00e3o de manuten\u00e7\u00e3o e infraestruturas no Blog da Infraspeak.\",\"breadcrumb\":{\"@id\":\"https:\/\/blog.infraspeak.com\/pt-pt\/infraspeak-blog\/#breadcrumb\"},\"inLanguage\":\"pt-PT\",\"potentialAction\":[{\"@type\":\"ReadAction\",\"target\":[\"https:\/\/blog.infraspeak.com\/pt-pt\/infraspeak-blog\/\"]}]},{\"@type\":\"BreadcrumbList\",\"@id\":\"https:\/\/blog.infraspeak.com\/pt-pt\/infraspeak-blog\/#breadcrumb\",\"itemListElement\":[{\"@type\":\"ListItem\",\"position\":1,\"name\":\"Home\",\"item\":\"https:\/\/blog.infraspeak.com\/\"},{\"@type\":\"ListItem\",\"position\":2,\"name\":\"Infraspeak Blog\"}]},{\"@type\":\"WebSite\",\"@id\":\"https:\/\/blog.infraspeak.com\/pt-pt\/#website\",\"url\":\"https:\/\/blog.infraspeak.com\/pt-pt\/\",\"name\":\"Infraspeak Blog\",\"description\":\"All About Maintenance and Facilities Management\",\"publisher\":{\"@id\":\"https:\/\/blog.infraspeak.com\/pt-pt\/#organization\"},\"potentialAction\":[{\"@type\":\"SearchAction\",\"target\":{\"@type\":\"EntryPoint\",\"urlTemplate\":\"https:\/\/blog.infraspeak.com\/pt-pt\/?s={search_term_string}\"},\"query-input\":{\"@type\":\"PropertyValueSpecification\",\"valueRequired\":true,\"valueName\":\"search_term_string\"}}],\"inLanguage\":\"pt-PT\"},{\"@type\":\"Organization\",\"@id\":\"https:\/\/blog.infraspeak.com\/pt-pt\/#organization\",\"name\":\"Infraspeak\",\"url\":\"https:\/\/blog.infraspeak.com\/pt-pt\/\",\"logo\":{\"@type\":\"ImageObject\",\"inLanguage\":\"pt-PT\",\"@id\":\"https:\/\/blog.infraspeak.com\/pt-pt\/#\/schema\/logo\/image\/\",\"url\":\"https:\/\/blog.infraspeak.com\/wp-content\/uploads\/2018\/11\/is-logo@2x.png\",\"contentUrl\":\"https:\/\/blog.infraspeak.com\/wp-content\/uploads\/2018\/11\/is-logo@2x.png\",\"width\":544,\"height\":180,\"caption\":\"Infraspeak\"},\"image\":{\"@id\":\"https:\/\/blog.infraspeak.com\/pt-pt\/#\/schema\/logo\/image\/\"},\"sameAs\":[\"https:\/\/www.facebook.com\/infraspeakmaintenance\",\"https:\/\/x.com\/infraspeak\",\"https:\/\/www.instagram.com\/infraspeak\/\",\"http:\/\/www.linkedin.com\/company\/infraspeak\",\"https:\/\/www.youtube.com\/channel\/UCOdjKyhSD9RJbRhuP-S8Avw\"]}]}<\/script>\n<!-- \/ Yoast SEO plugin. -->","yoast_head_json":{"title":"Blog da Gest\u00e3o de Manuten\u00e7\u00e3o e Infraestruturas &#8226; Saiba Mais!","description":"Mantenha-se a par das \u00faltimas tend\u00eancias, dicas e ideias sobre gest\u00e3o de manuten\u00e7\u00e3o e infraestruturas no Blog da Infraspeak.","robots":{"index":"index","follow":"follow","max-snippet":"max-snippet:-1","max-image-preview":"max-image-preview:large","max-video-preview":"max-video-preview:-1"},"canonical":"https:\/\/blog.infraspeak.com\/pt-pt\/infraspeak-blog\/","og_locale":"pt_PT","og_type":"article","og_title":"Blog da Gest\u00e3o de Manuten\u00e7\u00e3o e Infraestruturas &#8226; Saiba Mais!","og_description":"Mantenha-se a par das \u00faltimas tend\u00eancias, dicas e ideias sobre gest\u00e3o de manuten\u00e7\u00e3o e infraestruturas no Blog da Infraspeak.","og_url":"https:\/\/blog.infraspeak.com\/pt-pt\/infraspeak-blog\/","og_site_name":"Infraspeak Blog","article_publisher":"https:\/\/www.facebook.com\/infraspeakmaintenance","article_modified_time":"2019-08-06T22:24:47+00:00","twitter_card":"summary_large_image","twitter_site":"@infraspeak","twitter_misc":{"Tempo estimado de leitura":"1 minuto"},"schema":{"@context":"https:\/\/schema.org","@graph":[{"@type":"WebPage","@id":"https:\/\/blog.infraspeak.com\/pt-pt\/infraspeak-blog\/","url":"https:\/\/blog.infraspeak.com\/pt-pt\/infraspeak-blog\/","name":"Blog da Gest\u00e3o de Manuten\u00e7\u00e3o e Infraestruturas &#8226; Saiba Mais!","isPartOf":{"@id":"https:\/\/blog.infraspeak.com\/pt-pt\/#website"},"datePublished":"2018-11-19T11:33:27+00:00","dateModified":"2019-08-06T22:24:47+00:00","description":"Mantenha-se a par das \u00faltimas tend\u00eancias, dicas e ideias sobre gest\u00e3o de manuten\u00e7\u00e3o e infraestruturas no Blog da Infraspeak.","breadcrumb":{"@id":"https:\/\/blog.infraspeak.com\/pt-pt\/infraspeak-blog\/#breadcrumb"},"inLanguage":"pt-PT","potentialAction":[{"@type":"ReadAction","target":["https:\/\/blog.infraspeak.com\/pt-pt\/infraspeak-blog\/"]}]},{"@type":"BreadcrumbList","@id":"https:\/\/blog.infraspeak.com\/pt-pt\/infraspeak-blog\/#breadcrumb","itemListElement":[{"@type":"ListItem","position":1,"name":"Home","item":"https:\/\/blog.infraspeak.com\/"},{"@type":"ListItem","position":2,"name":"Infraspeak Blog"}]},{"@type":"WebSite","@id":"https:\/\/blog.infraspeak.com\/pt-pt\/#website","url":"https:\/\/blog.infraspeak.com\/pt-pt\/","name":"Infraspeak Blog","description":"All About Maintenance and Facilities Management","publisher":{"@id":"https:\/\/blog.infraspeak.com\/pt-pt\/#organization"},"potentialAction":[{"@type":"SearchAction","target":{"@type":"EntryPoint","urlTemplate":"https:\/\/blog.infraspeak.com\/pt-pt\/?s={search_term_string}"},"query-input":{"@type":"PropertyValueSpecification","valueRequired":true,"valueName":"search_term_string"}}],"inLanguage":"pt-PT"},{"@type":"Organization","@id":"https:\/\/blog.infraspeak.com\/pt-pt\/#organization","name":"Infraspeak","url":"https:\/\/blog.infraspeak.com\/pt-pt\/","logo":{"@type":"ImageObject","inLanguage":"pt-PT","@id":"https:\/\/blog.infraspeak.com\/pt-pt\/#\/schema\/logo\/image\/","url":"https:\/\/blog.infraspeak.com\/wp-content\/uploads\/2018\/11\/is-logo@2x.png","contentUrl":"https:\/\/blog.infraspeak.com\/wp-content\/uploads\/2018\/11\/is-logo@2x.png","width":544,"height":180,"caption":"Infraspeak"},"image":{"@id":"https:\/\/blog.infraspeak.com\/pt-pt\/#\/schema\/logo\/image\/"},"sameAs":["https:\/\/www.facebook.com\/infraspeakmaintenance","https:\/\/x.com\/infraspeak","https:\/\/www.instagram.com\/infraspeak\/","http:\/\/www.linkedin.com\/company\/infraspeak","https:\/\/www.youtube.com\/channel\/UCOdjKyhSD9RJbRhuP-S8Avw"]}]}},"_links":{"self":[{"href":"https:\/\/blog.infraspeak.com\/pt-pt\/wp-json\/wp\/v2\/pages\/22","targetHints":{"allow":["GET"]}}],"collection":[{"href":"https:\/\/blog.infraspeak.com\/pt-pt\/wp-json\/wp\/v2\/pages"}],"about":[{"href":"https:\/\/blog.infraspeak.com\/pt-pt\/wp-json\/wp\/v2\/types\/page"}],"author":[{"embeddable":true,"href":"https:\/\/blog.infraspeak.com\/pt-pt\/wp-json\/wp\/v2\/users\/1"}],"replies":[{"embeddable":true,"href":"https:\/\/blog.infraspeak.com\/pt-pt\/wp-json\/wp\/v2\/comments?post=22"}],"version-history":[{"count":14,"href":"https:\/\/blog.infraspeak.com\/pt-pt\/wp-json\/wp\/v2\/pages\/22\/revisions"}],"predecessor-version":[{"id":2422,"href":"https:\/\/blog.infraspeak.com\/pt-pt\/wp-json\/wp\/v2\/pages\/22\/revisions\/2422"}],"wp:attachment":[{"href":"https:\/\/blog.infraspeak.com\/pt-pt\/wp-json\/wp\/v2\/media?parent=22"}],"curies":[{"name":"wp","href":"https:\/\/api.w.org\/{rel}","templated":true}]}}